{"id":211,"date":"2023-09-15T22:30:33","date_gmt":"2023-09-15T22:30:33","guid":{"rendered":"https:\/\/webpeti.hu\/krauszivett\/?page_id=211"},"modified":"2023-12-21T21:10:00","modified_gmt":"2023-12-21T21:10:00","slug":"kapcsolat","status":"publish","type":"page","link":"https:\/\/webpeti.hu\/krauszivett\/kapcsolat\/","title":{"rendered":"Kapcsolat"},"content":{"rendered":"\t\t<div data-elementor-type=\"wp-page\" data-elementor-id=\"211\" class=\"elementor elementor-211\" data-elementor-post-type=\"page\">\n\t\t\t\t\t\t<section class=\"elementor-section elementor-top-section elementor-element elementor-element-e2601bb elementor-section-full_width elementor-section-height-min-height elementor-section-items-stretch elementor-section-content-middle elementor-reverse-mobile elementor-section-height-default\" data-id=\"e2601bb\" data-element_type=\"section\" data-settings=\"{&quot;background_background&quot;:&quot;classic&quot;}\">\n\t\t\t\t\t\t\t<div class=\"elementor-background-overlay\"><\/div>\n\t\t\t\t\t\t\t<div class=\"elementor-container elementor-column-gap-wider\">\n\t\t\t\t\t<div class=\"elementor-column elementor-col-50 elementor-top-column elementor-element elementor-element-c70a2c1\" data-id=\"c70a2c1\" data-element_type=\"column\" data-settings=\"{&quot;background_background&quot;:&quot;classic&quot;}\">\n\t\t\t<div class=\"elementor-widget-wrap elementor-element-populated\">\n\t\t\t\t\t\t<div class=\"elementor-element elementor-element-b6e2c89 elementor-widget elementor-widget-heading\" data-id=\"b6e2c89\" data-element_type=\"widget\" data-widget_type=\"heading.default\">\n\t\t\t\t<div class=\"elementor-widget-container\">\n\t\t\t\t\t<h2 class=\"elementor-heading-title elementor-size-default\">Kapcsolat<\/h2>\t\t\t\t<\/div>\n\t\t\t\t<\/div>\n\t\t\t\t<div class=\"elementor-element elementor-element-a376286 elementor-widget elementor-widget-heading\" data-id=\"a376286\" data-element_type=\"widget\" data-widget_type=\"heading.default\">\n\t\t\t\t<div class=\"elementor-widget-container\">\n\t\t\t\t\t<h2 class=\"elementor-heading-title elementor-size-default\">Ha k\u00e9rd\u00e9sed van, keress b\u00e1tran<\/h2>\t\t\t\t<\/div>\n\t\t\t\t<\/div>\n\t\t\t\t<div class=\"elementor-element elementor-element-dc4400a elementor-button-align-stretch elementor-widget elementor-widget-form\" data-id=\"dc4400a\" data-element_type=\"widget\" data-settings=\"{&quot;step_next_label&quot;:&quot;K\\u00f6vetkez\\u0151&quot;,&quot;step_previous_label&quot;:&quot;El\\u0151z\\u0151&quot;,&quot;button_width&quot;:&quot;100&quot;,&quot;step_type&quot;:&quot;number_text&quot;,&quot;step_icon_shape&quot;:&quot;circle&quot;}\" data-widget_type=\"form.default\">\n\t\t\t\t<div class=\"elementor-widget-container\">\n\t\t\t\t\t\t\t<form class=\"elementor-form\" method=\"post\" name=\"\u00daj \u0171rlap\" aria-label=\"\u00daj \u0171rlap\">\n\t\t\t<input type=\"hidden\" name=\"post_id\" value=\"211\"\/>\n\t\t\t<input type=\"hidden\" name=\"form_id\" value=\"dc4400a\"\/>\n\t\t\t<input type=\"hidden\" name=\"referer_title\" value=\"Krausz Ivett\" \/>\n\n\t\t\t\n\t\t\t<div class=\"elementor-form-fields-wrapper elementor-labels-\">\n\t\t\t\t\t\t\t\t<div class=\"elementor-field-type-text elementor-field-group elementor-column elementor-field-group-name elementor-col-100\">\n\t\t\t\t\t\t\t\t\t\t\t\t<label for=\"form-field-name\" class=\"elementor-field-label elementor-screen-only\">\n\t\t\t\t\t\t\t\tN\u00e9v\t\t\t\t\t\t\t<\/label>\n\t\t\t\t\t\t\t\t\t\t\t\t\t\t<input size=\"1\" type=\"text\" name=\"form_fields[name]\" id=\"form-field-name\" class=\"elementor-field elementor-size-sm  elementor-field-textual\" placeholder=\"N\u00e9v\">\n\t\t\t\t\t\t\t\t\t\t\t<\/div>\n\t\t\t\t\t\t\t\t<div class=\"elementor-field-type-email elementor-field-group elementor-column elementor-field-group-email elementor-col-50 elementor-field-required\">\n\t\t\t\t\t\t\t\t\t\t\t\t<label for=\"form-field-email\" class=\"elementor-field-label elementor-screen-only\">\n\t\t\t\t\t\t\t\tEmail\t\t\t\t\t\t\t<\/label>\n\t\t\t\t\t\t\t\t\t\t\t\t\t\t<input size=\"1\" type=\"email\" name=\"form_fields[email]\" id=\"form-field-email\" class=\"elementor-field elementor-size-sm  elementor-field-textual\" placeholder=\"Email\" required=\"required\">\n\t\t\t\t\t\t\t\t\t\t\t<\/div>\n\t\t\t\t\t\t\t\t<div class=\"elementor-field-type-tel elementor-field-group elementor-column elementor-field-group-field_235fb98 elementor-col-50 elementor-field-required\">\n\t\t\t\t\t\t\t\t\t\t\t\t<label for=\"form-field-field_235fb98\" class=\"elementor-field-label elementor-screen-only\">\n\t\t\t\t\t\t\t\tTel.:\t\t\t\t\t\t\t<\/label>\n\t\t\t\t\t\t\t\t<input size=\"1\" type=\"tel\" name=\"form_fields[field_235fb98]\" id=\"form-field-field_235fb98\" class=\"elementor-field elementor-size-sm  elementor-field-textual\" placeholder=\"Tel.:\" required=\"required\" pattern=\"[0-9()#&amp;+*-=.]+\" title=\"Only numbers and phone characters (#, -, *, etc) are accepted.\">\n\n\t\t\t\t\t\t<\/div>\n\t\t\t\t\t\t\t\t<div class=\"elementor-field-type-select elementor-field-group elementor-column elementor-field-group-field_412b365 elementor-col-100\">\n\t\t\t\t\t\t\t\t\t\t\t\t<label for=\"form-field-field_412b365\" class=\"elementor-field-label elementor-screen-only\">\n\t\t\t\t\t\t\t\tLista elem\t\t\t\t\t\t\t<\/label>\n\t\t\t\t\t\t\t\t<div class=\"elementor-field elementor-select-wrapper remove-before \">\n\t\t\t<div class=\"select-caret-down-wrapper\">\n\t\t\t\t<i aria-hidden=\"true\" class=\"eicon-caret-down\"><\/i>\t\t\t<\/div>\n\t\t\t<select name=\"form_fields[field_412b365]\" id=\"form-field-field_412b365\" class=\"elementor-field-textual elementor-size-sm\">\n\t\t\t\t\t\t\t\t\t<option value=\"V\u00e1lassz...\">V\u00e1lassz...<\/option>\n\t\t\t\t\t\t\t\t\t<option value=\"Egy\u00e9ni konzult\u00e1ci\u00f3 \u00e9rdekel\">Egy\u00e9ni konzult\u00e1ci\u00f3 \u00e9rdekel<\/option>\n\t\t\t\t\t\t\t\t\t<option value=\"Csoportok\/tr\u00e9ningek \u00e9rdekelnek\">Csoportok\/tr\u00e9ningek \u00e9rdekelnek<\/option>\n\t\t\t\t\t\t\t\t\t<option value=\"Egy\u00fcttm\u0171k\u00f6d\u00e9si lehet\u0151s\u00e9g \u00e9rdekel\">Egy\u00fcttm\u0171k\u00f6d\u00e9si lehet\u0151s\u00e9g \u00e9rdekel<\/option>\n\t\t\t\t\t\t\t<\/select>\n\t\t<\/div>\n\t\t\t\t\t\t<\/div>\n\t\t\t\t\t\t\t\t<div class=\"elementor-field-type-textarea elementor-field-group elementor-column elementor-field-group-message elementor-col-100\">\n\t\t\t\t\t\t\t\t\t\t\t\t<label for=\"form-field-message\" class=\"elementor-field-label elementor-screen-only\">\n\t\t\t\t\t\t\t\t\u00dczenet\t\t\t\t\t\t\t<\/label>\n\t\t\t\t\t\t<textarea class=\"elementor-field-textual elementor-field  elementor-size-sm\" name=\"form_fields[message]\" id=\"form-field-message\" rows=\"4\" placeholder=\"\u00dczenet\"><\/textarea>\t\t\t\t<\/div>\n\t\t\t\t\t\t\t\t<div class=\"elementor-field-type-acceptance elementor-field-group elementor-column elementor-field-group-field_c9c7169 elementor-col-100 elementor-field-required\">\n\t\t\t\t\t\t\t\t\t\t\t\t<label for=\"form-field-field_c9c7169\" class=\"elementor-field-label elementor-screen-only\">\n\t\t\t\t\t\t\t\tGDPR\t\t\t\t\t\t\t<\/label>\n\t\t\t\t\t\t\t\t<div class=\"elementor-field-subgroup\">\n\t\t\t<span class=\"elementor-field-option\">\n\t\t\t\t<input type=\"checkbox\" name=\"form_fields[field_c9c7169]\" id=\"form-field-field_c9c7169\" class=\"elementor-field elementor-size-sm  elementor-acceptance-field\" required=\"required\">\n\t\t\t\t<label for=\"form-field-field_c9c7169\">Elfogadom az <a href=\"https:\/\/webpeti.hu\/krauszivett\/privacy-policy\/\">Adatkezel\u00e9si t\u00e1j\u00e9koztat\u00f3ban<\/a> foglaltakat.<\/label>\t\t\t<\/span>\n\t\t<\/div>\n\t\t\t\t\t\t<\/div>\n\t\t\t\t\t\t\t\t<div class=\"elementor-field-type-recaptcha_v3 elementor-field-group elementor-column elementor-field-group-field_0b1e678 elementor-col-100 recaptcha_v3-bottomright\">\n\t\t\t\t\t<div class=\"elementor-field\" id=\"form-field-field_0b1e678\"><div class=\"elementor-g-recaptcha\" data-sitekey=\"6Ldx_CQpAAAAAEQBWsuBE5efVqgJ2Cr6NUvCp8lr\" data-type=\"v3\" data-action=\"Form\" data-badge=\"bottomright\" data-size=\"invisible\"><\/div><\/div>\t\t\t\t<\/div>\n\t\t\t\t\t\t\t\t<div class=\"elementor-field-group elementor-column elementor-field-type-submit elementor-col-100 e-form__buttons\">\n\t\t\t\t\t<button class=\"elementor-button elementor-size-sm\" type=\"submit\">\n\t\t\t\t\t\t<span class=\"elementor-button-content-wrapper\">\n\t\t\t\t\t\t\t\t\t\t\t\t\t\t\t\t\t\t\t\t\t\t<span class=\"elementor-button-text\">K\u00fcld\u00e9s<\/span>\n\t\t\t\t\t\t\t\t\t\t\t\t\t<\/span>\n\t\t\t\t\t<\/button>\n\t\t\t\t<\/div>\n\t\t\t<\/div>\n\t\t<\/form>\n\t\t\t\t\t\t<\/div>\n\t\t\t\t<\/div>\n\t\t\t\t\t<\/div>\n\t\t<\/div>\n\t\t\t\t<div class=\"elementor-column elementor-col-50 elementor-top-column elementor-element elementor-element-fcdbf8e elementor-hidden-tablet elementor-hidden-mobile\" data-id=\"fcdbf8e\" data-element_type=\"column\" data-settings=\"{&quot;background_background&quot;:&quot;classic&quot;}\">\n\t\t\t<div class=\"elementor-widget-wrap elementor-element-populated\">\n\t\t\t\t\t\t<div class=\"elementor-element elementor-element-8cf8d25 elementor-widget elementor-widget-spacer\" data-id=\"8cf8d25\" data-element_type=\"widget\" data-widget_type=\"spacer.default\">\n\t\t\t\t<div class=\"elementor-widget-container\">\n\t\t\t\t\t\t\t<div class=\"elementor-spacer\">\n\t\t\t<div class=\"elementor-spacer-inner\"><\/div>\n\t\t<\/div>\n\t\t\t\t\t\t<\/div>\n\t\t\t\t<\/div>\n\t\t\t\t\t<\/div>\n\t\t<\/div>\n\t\t\t\t\t<\/div>\n\t\t<\/section>\n\t\t\t\t<\/div>\n\t\t","protected":false},"excerpt":{"rendered":"<p>Ha k\u00e9rd\u00e9sed van, keress b\u00e1tran<\/p>\n","protected":false},"author":1,"featured_media":0,"parent":0,"menu_order":0,"comment_status":"closed","ping_status":"closed","template":"","meta":{"_acf_changed":false,"footnotes":""},"class_list":["post-211","page","type-page","status-publish","hentry"],"acf":[],"yoast_head":"<!-- This site is optimized with the Yoast SEO Premium plugin v25.4 (Yoast SEO v25.5) - https:\/\/yoast.com\/wordpress\/plugins\/seo\/ -->\n<title>Kapcsolat - Krausz Ivett<\/title>\n<meta name=\"robots\" content=\"index, follow, max-snippet:-1, max-image-preview:large, max-video-preview:-1\" \/>\n<link rel=\"canonical\" href=\"https:\/\/webpeti.hu\/krauszivett\/kapcsolat\/\" \/>\n<meta property=\"og:locale\" content=\"hu_HU\" \/>\n<meta property=\"og:type\" content=\"article\" \/>\n<meta property=\"og:title\" content=\"Kapcsolat\" \/>\n<meta property=\"og:description\" content=\"Ha k\u00e9rd\u00e9sed van, keress b\u00e1tran\" \/>\n<meta property=\"og:url\" content=\"https:\/\/webpeti.hu\/krauszivett\/kapcsolat\/\" \/>\n<meta property=\"og:site_name\" content=\"Krausz Ivett\" \/>\n<meta property=\"article:publisher\" content=\"https:\/\/www.facebook.com\/krauszivettpszichologus\/\" \/>\n<meta property=\"article:modified_time\" content=\"2023-12-21T21:10:00+00:00\" \/>\n<meta name=\"twitter:card\" content=\"summary_large_image\" \/>\n<meta name=\"twitter:label1\" content=\"Becs\u00fclt olvas\u00e1si id\u0151\" \/>\n\t<meta name=\"twitter:data1\" content=\"1 perc\" \/>\n<script type=\"application\/ld+json\" class=\"yoast-schema-graph\">{\"@context\":\"https:\/\/schema.org\",\"@graph\":[{\"@type\":\"WebPage\",\"@id\":\"https:\/\/webpeti.hu\/krauszivett\/kapcsolat\/\",\"url\":\"https:\/\/webpeti.hu\/krauszivett\/kapcsolat\/\",\"name\":\"Kapcsolat - Krausz Ivett\",\"isPartOf\":{\"@id\":\"https:\/\/webpeti.hu\/krauszivett\/#website\"},\"datePublished\":\"2023-09-15T22:30:33+00:00\",\"dateModified\":\"2023-12-21T21:10:00+00:00\",\"breadcrumb\":{\"@id\":\"https:\/\/webpeti.hu\/krauszivett\/kapcsolat\/#breadcrumb\"},\"inLanguage\":\"hu\",\"potentialAction\":[{\"@type\":\"ReadAction\",\"target\":[\"https:\/\/webpeti.hu\/krauszivett\/kapcsolat\/\"]}]},{\"@type\":\"BreadcrumbList\",\"@id\":\"https:\/\/webpeti.hu\/krauszivett\/kapcsolat\/#breadcrumb\",\"itemListElement\":[{\"@type\":\"ListItem\",\"position\":1,\"name\":\"Kezd\u0151lap\",\"item\":\"https:\/\/webpeti.hu\/krauszivett\/\"},{\"@type\":\"ListItem\",\"position\":2,\"name\":\"Kapcsolat\"}]},{\"@type\":\"WebSite\",\"@id\":\"https:\/\/webpeti.hu\/krauszivett\/#website\",\"url\":\"https:\/\/webpeti.hu\/krauszivett\/\",\"name\":\"Krausz Ivett\",\"description\":\"Krausz Ivett pszichol\u00f3gus\",\"publisher\":{\"@id\":\"https:\/\/webpeti.hu\/krauszivett\/#organization\"},\"potentialAction\":[{\"@type\":\"SearchAction\",\"target\":{\"@type\":\"EntryPoint\",\"urlTemplate\":\"https:\/\/webpeti.hu\/krauszivett\/?s={search_term_string}\"},\"query-input\":{\"@type\":\"PropertyValueSpecification\",\"valueRequired\":true,\"valueName\":\"search_term_string\"}}],\"inLanguage\":\"hu\"},{\"@type\":\"Organization\",\"@id\":\"https:\/\/webpeti.hu\/krauszivett\/#organization\",\"name\":\"Krausz Ivett\",\"url\":\"https:\/\/webpeti.hu\/krauszivett\/\",\"logo\":{\"@type\":\"ImageObject\",\"inLanguage\":\"hu\",\"@id\":\"https:\/\/webpeti.hu\/krauszivett\/#\/schema\/logo\/image\/\",\"url\":\"https:\/\/webpeti.hu\/krauszivett\/wp-content\/uploads\/2023\/09\/IMG_1235-scaled.webp\",\"contentUrl\":\"https:\/\/webpeti.hu\/krauszivett\/wp-content\/uploads\/2023\/09\/IMG_1235-scaled.webp\",\"width\":1707,\"height\":2560,\"caption\":\"Krausz Ivett\"},\"image\":{\"@id\":\"https:\/\/webpeti.hu\/krauszivett\/#\/schema\/logo\/image\/\"},\"sameAs\":[\"https:\/\/www.facebook.com\/krauszivettpszichologus\/\"]}]}<\/script>\n<!-- \/ Yoast SEO Premium plugin. -->","yoast_head_json":{"title":"Kapcsolat - Krausz Ivett","robots":{"index":"index","follow":"follow","max-snippet":"max-snippet:-1","max-image-preview":"max-image-preview:large","max-video-preview":"max-video-preview:-1"},"canonical":"https:\/\/webpeti.hu\/krauszivett\/kapcsolat\/","og_locale":"hu_HU","og_type":"article","og_title":"Kapcsolat","og_description":"Ha k\u00e9rd\u00e9sed van, keress b\u00e1tran","og_url":"https:\/\/webpeti.hu\/krauszivett\/kapcsolat\/","og_site_name":"Krausz Ivett","article_publisher":"https:\/\/www.facebook.com\/krauszivettpszichologus\/","article_modified_time":"2023-12-21T21:10:00+00:00","twitter_card":"summary_large_image","twitter_misc":{"Becs\u00fclt olvas\u00e1si id\u0151":"1 perc"},"schema":{"@context":"https:\/\/schema.org","@graph":[{"@type":"WebPage","@id":"https:\/\/webpeti.hu\/krauszivett\/kapcsolat\/","url":"https:\/\/webpeti.hu\/krauszivett\/kapcsolat\/","name":"Kapcsolat - Krausz Ivett","isPartOf":{"@id":"https:\/\/webpeti.hu\/krauszivett\/#website"},"datePublished":"2023-09-15T22:30:33+00:00","dateModified":"2023-12-21T21:10:00+00:00","breadcrumb":{"@id":"https:\/\/webpeti.hu\/krauszivett\/kapcsolat\/#breadcrumb"},"inLanguage":"hu","potentialAction":[{"@type":"ReadAction","target":["https:\/\/webpeti.hu\/krauszivett\/kapcsolat\/"]}]},{"@type":"BreadcrumbList","@id":"https:\/\/webpeti.hu\/krauszivett\/kapcsolat\/#breadcrumb","itemListElement":[{"@type":"ListItem","position":1,"name":"Kezd\u0151lap","item":"https:\/\/webpeti.hu\/krauszivett\/"},{"@type":"ListItem","position":2,"name":"Kapcsolat"}]},{"@type":"WebSite","@id":"https:\/\/webpeti.hu\/krauszivett\/#website","url":"https:\/\/webpeti.hu\/krauszivett\/","name":"Krausz Ivett","description":"Krausz Ivett pszichol\u00f3gus","publisher":{"@id":"https:\/\/webpeti.hu\/krauszivett\/#organization"},"potentialAction":[{"@type":"SearchAction","target":{"@type":"EntryPoint","urlTemplate":"https:\/\/webpeti.hu\/krauszivett\/?s={search_term_string}"},"query-input":{"@type":"PropertyValueSpecification","valueRequired":true,"valueName":"search_term_string"}}],"inLanguage":"hu"},{"@type":"Organization","@id":"https:\/\/webpeti.hu\/krauszivett\/#organization","name":"Krausz Ivett","url":"https:\/\/webpeti.hu\/krauszivett\/","logo":{"@type":"ImageObject","inLanguage":"hu","@id":"https:\/\/webpeti.hu\/krauszivett\/#\/schema\/logo\/image\/","url":"https:\/\/webpeti.hu\/krauszivett\/wp-content\/uploads\/2023\/09\/IMG_1235-scaled.webp","contentUrl":"https:\/\/webpeti.hu\/krauszivett\/wp-content\/uploads\/2023\/09\/IMG_1235-scaled.webp","width":1707,"height":2560,"caption":"Krausz Ivett"},"image":{"@id":"https:\/\/webpeti.hu\/krauszivett\/#\/schema\/logo\/image\/"},"sameAs":["https:\/\/www.facebook.com\/krauszivettpszichologus\/"]}]}},"_links":{"self":[{"href":"https:\/\/webpeti.hu\/krauszivett\/wp-json\/wp\/v2\/pages\/211","targetHints":{"allow":["GET"]}}],"collection":[{"href":"https:\/\/webpeti.hu\/krauszivett\/wp-json\/wp\/v2\/pages"}],"about":[{"href":"https:\/\/webpeti.hu\/krauszivett\/wp-json\/wp\/v2\/types\/page"}],"author":[{"embeddable":true,"href":"https:\/\/webpeti.hu\/krauszivett\/wp-json\/wp\/v2\/users\/1"}],"replies":[{"embeddable":true,"href":"https:\/\/webpeti.hu\/krauszivett\/wp-json\/wp\/v2\/comments?post=211"}],"version-history":[{"count":58,"href":"https:\/\/webpeti.hu\/krauszivett\/wp-json\/wp\/v2\/pages\/211\/revisions"}],"predecessor-version":[{"id":1609,"href":"https:\/\/webpeti.hu\/krauszivett\/wp-json\/wp\/v2\/pages\/211\/revisions\/1609"}],"wp:attachment":[{"href":"https:\/\/webpeti.hu\/krauszivett\/wp-json\/wp\/v2\/media?parent=211"}],"curies":[{"name":"wp","href":"https:\/\/api.w.org\/{rel}","templated":true}]}}